{"id":6,"date":"2021-05-15T09:07:14","date_gmt":"2021-05-15T09:07:14","guid":{"rendered":"https:\/\/camilafawape.com\/?page_id=6"},"modified":"2021-06-07T13:24:48","modified_gmt":"2021-06-07T13:24:48","slug":"about","status":"publish","type":"page","link":"https:\/\/camilafawape.com\/it\/about\/","title":{"rendered":"Bio"},"content":{"rendered":"<div class=\"wp-block-columns is-style-default is-layout-flex wp-container-core-columns-is-layout-9d6595d7 wp-block-columns-is-layout-flex\">\n<div class=\"wp-block-column is-layout-flow wp-block-column-is-layout-flow\">\n<p><strong>Camila Fawape<\/strong> \u00e8 una compositrice e musicista argentina. Ha studiato composizione classica all'Universidad Nacional de Rosario, ottenendo il diploma di <strong>Tecnico della Armonia e Contrappunto.<\/strong>\u00a0<\/p>\n\n\n\n<p>Ha fatto parte del gruppo musicale DERIVA, del quale era sia voce principale che chitarra ritmica.<\/p>\n\n\n\n<p>Nel 2013 decide di spostarsi a Milano per frequentare il corso annuale di \u201cMusica per l\u2019immagine\u201d e <strong>Master in Musica per Film<\/strong> alla Scuola Civica di Milano<em>.<\/em> Oggigiorno sta facendo soprattutto musica per film, insegnando chitarra e fa la street performer.<\/p>\n\n\n\n<p>Lei \u00e8 una viaggiatrice e giocatrice di tennis. Adora passare tempo con le sue amiche e amici. Ha un\u2019anima punk rocker. Sempre \u00e8 alla ricerca della libert\u00e0 e crede nella uguaglianza ed equit\u00e0 di tutti essere umani.<\/p>\n\n\n\n<p>Camila crede profondamente che la musica e l\u2019arte possano salvare e unire le persone (anche aliens), abbattendo i muri.<\/p>\n<\/div>\n\n\n\n<div class=\"wp-block-column is-layout-flow wp-block-column-is-layout-flow\"><\/div>\n<\/div>","protected":false},"excerpt":{"rendered":"<p>Camila Fawape is an Argentine music composer and musician. She has studied classical composition in Universidad Nacional de Rosario, earning the diploma of Technician of Harmony and Counterpoint.\u00a0 She used to be part of the band DERIVA as lead singer and rhythmic guitar. In 2013, she decided to move to Milan, Italy, to attend the&hellip; <a class=\"more-link\" href=\"https:\/\/camilafawape.com\/it\/about\/\">Continua a leggere <span class=\"screen-reader-text\">Bio<\/span><\/a><\/p>","protected":false},"author":1,"featured_media":694,"parent":0,"menu_order":0,"comment_status":"closed","ping_status":"closed","template":"","meta":{"advanced_seo_description":"Camila Fawape is an award-winning music composer based in Milan, Italy.","jetpack_seo_html_title":"","jetpack_seo_noindex":false,"footnotes":""},"class_list":["post-6","page","type-page","status-publish","has-post-thumbnail","hentry","entry"],"jetpack_shortlink":"https:\/\/wp.me\/Pd4aHO-6","jetpack_sharing_enabled":true,"_links":{"self":[{"href":"https:\/\/camilafawape.com\/it\/wp-json\/wp\/v2\/pages\/6","targetHints":{"allow":["GET"]}}],"collection":[{"href":"https:\/\/camilafawape.com\/it\/wp-json\/wp\/v2\/pages"}],"about":[{"href":"https:\/\/camilafawape.com\/it\/wp-json\/wp\/v2\/types\/page"}],"author":[{"embeddable":true,"href":"https:\/\/camilafawape.com\/it\/wp-json\/wp\/v2\/users\/1"}],"replies":[{"embeddable":true,"href":"https:\/\/camilafawape.com\/it\/wp-json\/wp\/v2\/comments?post=6"}],"version-history":[{"count":14,"href":"https:\/\/camilafawape.com\/it\/wp-json\/wp\/v2\/pages\/6\/revisions"}],"predecessor-version":[{"id":826,"href":"https:\/\/camilafawape.com\/it\/wp-json\/wp\/v2\/pages\/6\/revisions\/826"}],"wp:featuredmedia":[{"embeddable":true,"href":"https:\/\/camilafawape.com\/it\/wp-json\/wp\/v2\/media\/694"}],"wp:attachment":[{"href":"https:\/\/camilafawape.com\/it\/wp-json\/wp\/v2\/media?parent=6"}],"curies":[{"name":"wp","href":"https:\/\/api.w.org\/{rel}","templated":true}]}}